{"id":4127,"date":"2023-06-05T13:59:55","date_gmt":"2023-06-05T12:59:55","guid":{"rendered":"https:\/\/www.sylviemoreillon.com\/?page_id=4127"},"modified":"2023-08-11T09:46:56","modified_gmt":"2023-08-11T08:46:56","slug":"old-contact","status":"publish","type":"page","link":"https:\/\/www.sylviemoreillon.com\/?page_id=4127","title":{"rendered":"old-contact"},"content":{"rendered":"\n<style type=\"text\/css\" data-created_by=\"avia_inline_auto\" id=\"style-css-av-2vjda7-a22397fff46c7595df6c234c6d513ac2\">\n.flex_column.av-2vjda7-a22397fff46c7595df6c234c6d513ac2{\n-webkit-border-radius:0px 0px 0px 0px;\n-moz-border-radius:0px 0px 0px 0px;\nborder-radius:0px 0px 0px 0px;\npadding:0px 0px 0px 0px;\n}\n<\/style>\n<div  class='flex_column av-2vjda7-a22397fff46c7595df6c234c6d513ac2 av_one_full  avia-builder-el-0  avia-builder-el-no-sibling  first flex_column_div av-zero-column-padding  '     ><form action=\"https:\/\/www.sylviemoreillon.com\/?page_id=4127\" method=\"post\" data-fields-with-error=\"Found errors in the following field(s):\" class=\"avia_ajax_form av-form-labels-visible   avia-builder-el-1  avia-builder-el-no-sibling   \" data-avia-form-id=\"1\" data-avia-redirect='' ><h3 class=''>Envoyez-nous un mail<\/h3><fieldset><p class='  first_form  form_element form_fullwidth' id='element_avia_1_1'><label for=\"avia_1_1\">Nom <abbr class=\"required\" title=\"requis(e)\">*<\/abbr><\/label> <input name=\"avia_1_1\" class=\"text_input is_empty\" type=\"text\" id=\"avia_1_1\" value=\"\" \/><\/p><p class='  first_form  form_element form_fullwidth' id='element_avia_2_1'><label for=\"avia_2_1\">Adresse mail <abbr class=\"required\" title=\"requis(e)\">*<\/abbr><\/label> <input name=\"avia_2_1\" class=\"text_input is_email\" type=\"text\" id=\"avia_2_1\" value=\"\" \/><\/p><p class='  first_form  form_element form_fullwidth' id='element_avia_3_1'><label for=\"avia_3_1\">Sujet <abbr class=\"required\" title=\"requis(e)\">*<\/abbr><\/label> <input name=\"avia_3_1\" class=\"text_input is_empty\" type=\"text\" id=\"avia_3_1\" value=\"\" \/><\/p><p class='  first_form  form_element form_fullwidth' id='element_avia_4_1'><label for=\"avia_4_1\" class=\"textare_label hidden textare_label_avia_4_1\">Message <abbr class=\"required\" title=\"requis(e)\">*<\/abbr><\/label><textarea  name=\"avia_4_1\" class=\"text_area is_empty\" cols=\"40\" rows=\"7\" id=\"avia_4_1\" ><\/textarea><\/p><p class=\"hidden\"><input type=\"text\" name=\"avia_5_1\" class=\"hidden \" id=\"avia_5_1\" value=\"\" \/><\/p><p class='   form_element form_fullwidth' id='element_avia_6_1'><span class='value_verifier_label'>1 + 0 = ?<\/span><input name=\"avia_6_1_verifier\" type=\"hidden\" id=\"avia_6_1_verifier\" value=\"187241525\"\/><label for=\"avia_6_1\">Merci de prouver que vous \u00eates un humain en donnant le r\u00e9sultat de cette op\u00e9ration <abbr class=\"required\" title=\"requis(e)\">*<\/abbr><\/label><input name=\"avia_6_1\" class=\"text_input captcha\" type=\"text\" id=\"avia_6_1\" value=\"\"\/><\/p><p class=\"form_element \"><input type=\"hidden\" value=\"1\" name=\"avia_generated_form1\" \/><input type=\"submit\" value=\"Valider\" class=\"button\"  data-sending-label=\"Envoi\"\/><\/p><\/fieldset><\/form><div id=\"ajaxresponse_1\" class=\"ajaxresponse ajaxresponse_1 hidden\"><\/div><\/div>\n","protected":false},"excerpt":{"rendered":"","protected":false},"author":1,"featured_media":0,"parent":0,"menu_order":0,"comment_status":"closed","ping_status":"closed","template":"","meta":{"inline_featured_image":false},"yoast_head":"<!-- This site is optimized with the Yoast SEO plugin v20.10 - https:\/\/yoast.com\/wordpress\/plugins\/seo\/ -->\n<title>old-contact &ndash; Sylvie Moreillon.com<\/title>\n<meta name=\"description\" content=\"Sylvie Moreillon, artiste peintre, sculptrice explore les domaines et techniques les plus divers. Travaille aussi sur mandat\" \/>\n<meta name=\"robots\" content=\"index, follow, max-snippet:-1, max-image-preview:large, max-video-preview:-1\" \/>\n<link rel=\"canonical\" href=\"https:\/\/www.sylviemoreillon.com\/?page_id=4127\" \/>\n<meta property=\"og:locale\" content=\"fr_FR\" \/>\n<meta property=\"og:type\" content=\"article\" \/>\n<meta property=\"og:title\" content=\"old-contact &ndash; Sylvie Moreillon.com\" \/>\n<meta property=\"og:description\" content=\"Sylvie Moreillon, artiste peintre, sculptrice explore les domaines et techniques les plus divers. Travaille aussi sur mandat\" \/>\n<meta property=\"og:url\" content=\"https:\/\/www.sylviemoreillon.com\/?page_id=4127\" \/>\n<meta property=\"og:site_name\" content=\"Sylvie Moreillon.com\" \/>\n<meta property=\"article:modified_time\" content=\"2023-08-11T08:46:56+00:00\" \/>\n<meta property=\"og:image\" content=\"https:\/\/www.sylviemoreillon.com\/new\/wp-content\/uploads\/2022\/04\/sm_logo-1.png\" \/>\n\t<meta property=\"og:image:width\" content=\"277\" \/>\n\t<meta property=\"og:image:height\" content=\"277\" \/>\n\t<meta property=\"og:image:type\" content=\"image\/png\" \/>\n<meta name=\"twitter:card\" content=\"summary_large_image\" \/>\n<meta name=\"twitter:label1\" content=\"Dur\u00e9e de lecture estim\u00e9e\" \/>\n\t<meta name=\"twitter:data1\" content=\"1 minute\" \/>\n<script type=\"application\/ld+json\" class=\"yoast-schema-graph\">{\"@context\":\"https:\/\/schema.org\",\"@graph\":[{\"@type\":\"WebPage\",\"@id\":\"https:\/\/www.sylviemoreillon.com\/?page_id=4127\",\"url\":\"https:\/\/www.sylviemoreillon.com\/?page_id=4127\",\"name\":\"old-contact &ndash; Sylvie Moreillon.com\",\"isPartOf\":{\"@id\":\"https:\/\/www.sylviemoreillon.com\/#website\"},\"datePublished\":\"2023-06-05T12:59:55+00:00\",\"dateModified\":\"2023-08-11T08:46:56+00:00\",\"description\":\"Sylvie Moreillon, artiste peintre, sculptrice explore les domaines et techniques les plus divers. Travaille aussi sur mandat\",\"breadcrumb\":{\"@id\":\"https:\/\/www.sylviemoreillon.com\/?page_id=4127#breadcrumb\"},\"inLanguage\":\"fr-FR\",\"potentialAction\":[{\"@type\":\"ReadAction\",\"target\":[\"https:\/\/www.sylviemoreillon.com\/?page_id=4127\"]}]},{\"@type\":\"BreadcrumbList\",\"@id\":\"https:\/\/www.sylviemoreillon.com\/?page_id=4127#breadcrumb\",\"itemListElement\":[{\"@type\":\"ListItem\",\"position\":1,\"name\":\"Accueil\",\"item\":\"https:\/\/www.sylviemoreillon.com\/?page_id=1318\"},{\"@type\":\"ListItem\",\"position\":2,\"name\":\"old-contact\"}]},{\"@type\":\"WebSite\",\"@id\":\"https:\/\/www.sylviemoreillon.com\/#website\",\"url\":\"https:\/\/www.sylviemoreillon.com\/\",\"name\":\"Sylvie Moreillon.com\",\"description\":\"Peinture - Sculpture - Soudure\",\"publisher\":{\"@id\":\"https:\/\/www.sylviemoreillon.com\/#\/schema\/person\/1aacce86ce9e97c6b5b3437396489d47\"},\"potentialAction\":[{\"@type\":\"SearchAction\",\"target\":{\"@type\":\"EntryPoint\",\"urlTemplate\":\"https:\/\/www.sylviemoreillon.com\/?s={search_term_string}\"},\"query-input\":\"required name=search_term_string\"}],\"inLanguage\":\"fr-FR\"},{\"@type\":[\"Person\",\"Organization\"],\"@id\":\"https:\/\/www.sylviemoreillon.com\/#\/schema\/person\/1aacce86ce9e97c6b5b3437396489d47\",\"name\":\"admin\",\"image\":{\"@type\":\"ImageObject\",\"inLanguage\":\"fr-FR\",\"@id\":\"https:\/\/www.sylviemoreillon.com\/#\/schema\/person\/image\/\",\"url\":\"https:\/\/secure.gravatar.com\/avatar\/b6a0be04bb0d61ade5ceccecc3eb96c5?s=96&d=mm&r=g\",\"contentUrl\":\"https:\/\/secure.gravatar.com\/avatar\/b6a0be04bb0d61ade5ceccecc3eb96c5?s=96&d=mm&r=g\",\"caption\":\"admin\"},\"logo\":{\"@id\":\"https:\/\/www.sylviemoreillon.com\/#\/schema\/person\/image\/\"},\"sameAs\":[\"https:\/\/www.sylviemoreillon.com\"]}]}<\/script>\n<!-- \/ Yoast SEO plugin. -->","yoast_head_json":{"title":"old-contact &ndash; Sylvie Moreillon.com","description":"Sylvie Moreillon, artiste peintre, sculptrice explore les domaines et techniques les plus divers. Travaille aussi sur mandat","robots":{"index":"index","follow":"follow","max-snippet":"max-snippet:-1","max-image-preview":"max-image-preview:large","max-video-preview":"max-video-preview:-1"},"canonical":"https:\/\/www.sylviemoreillon.com\/?page_id=4127","og_locale":"fr_FR","og_type":"article","og_title":"old-contact &ndash; Sylvie Moreillon.com","og_description":"Sylvie Moreillon, artiste peintre, sculptrice explore les domaines et techniques les plus divers. Travaille aussi sur mandat","og_url":"https:\/\/www.sylviemoreillon.com\/?page_id=4127","og_site_name":"Sylvie Moreillon.com","article_modified_time":"2023-08-11T08:46:56+00:00","og_image":[{"width":277,"height":277,"url":"https:\/\/www.sylviemoreillon.com\/new\/wp-content\/uploads\/2022\/04\/sm_logo-1.png","type":"image\/png"}],"twitter_card":"summary_large_image","twitter_misc":{"Dur\u00e9e de lecture estim\u00e9e":"1 minute"},"schema":{"@context":"https:\/\/schema.org","@graph":[{"@type":"WebPage","@id":"https:\/\/www.sylviemoreillon.com\/?page_id=4127","url":"https:\/\/www.sylviemoreillon.com\/?page_id=4127","name":"old-contact &ndash; Sylvie Moreillon.com","isPartOf":{"@id":"https:\/\/www.sylviemoreillon.com\/#website"},"datePublished":"2023-06-05T12:59:55+00:00","dateModified":"2023-08-11T08:46:56+00:00","description":"Sylvie Moreillon, artiste peintre, sculptrice explore les domaines et techniques les plus divers. Travaille aussi sur mandat","breadcrumb":{"@id":"https:\/\/www.sylviemoreillon.com\/?page_id=4127#breadcrumb"},"inLanguage":"fr-FR","potentialAction":[{"@type":"ReadAction","target":["https:\/\/www.sylviemoreillon.com\/?page_id=4127"]}]},{"@type":"BreadcrumbList","@id":"https:\/\/www.sylviemoreillon.com\/?page_id=4127#breadcrumb","itemListElement":[{"@type":"ListItem","position":1,"name":"Accueil","item":"https:\/\/www.sylviemoreillon.com\/?page_id=1318"},{"@type":"ListItem","position":2,"name":"old-contact"}]},{"@type":"WebSite","@id":"https:\/\/www.sylviemoreillon.com\/#website","url":"https:\/\/www.sylviemoreillon.com\/","name":"Sylvie Moreillon.com","description":"Peinture - Sculpture - Soudure","publisher":{"@id":"https:\/\/www.sylviemoreillon.com\/#\/schema\/person\/1aacce86ce9e97c6b5b3437396489d47"},"potentialAction":[{"@type":"SearchAction","target":{"@type":"EntryPoint","urlTemplate":"https:\/\/www.sylviemoreillon.com\/?s={search_term_string}"},"query-input":"required name=search_term_string"}],"inLanguage":"fr-FR"},{"@type":["Person","Organization"],"@id":"https:\/\/www.sylviemoreillon.com\/#\/schema\/person\/1aacce86ce9e97c6b5b3437396489d47","name":"admin","image":{"@type":"ImageObject","inLanguage":"fr-FR","@id":"https:\/\/www.sylviemoreillon.com\/#\/schema\/person\/image\/","url":"https:\/\/secure.gravatar.com\/avatar\/b6a0be04bb0d61ade5ceccecc3eb96c5?s=96&d=mm&r=g","contentUrl":"https:\/\/secure.gravatar.com\/avatar\/b6a0be04bb0d61ade5ceccecc3eb96c5?s=96&d=mm&r=g","caption":"admin"},"logo":{"@id":"https:\/\/www.sylviemoreillon.com\/#\/schema\/person\/image\/"},"sameAs":["https:\/\/www.sylviemoreillon.com"]}]}},"_links":{"self":[{"href":"https:\/\/www.sylviemoreillon.com\/index.php?rest_route=\/wp\/v2\/pages\/4127"}],"collection":[{"href":"https:\/\/www.sylviemoreillon.com\/index.php?rest_route=\/wp\/v2\/pages"}],"about":[{"href":"https:\/\/www.sylviemoreillon.com\/index.php?rest_route=\/wp\/v2\/types\/page"}],"author":[{"embeddable":true,"href":"https:\/\/www.sylviemoreillon.com\/index.php?rest_route=\/wp\/v2\/users\/1"}],"replies":[{"embeddable":true,"href":"https:\/\/www.sylviemoreillon.com\/index.php?rest_route=%2Fwp%2Fv2%2Fcomments&post=4127"}],"version-history":[{"count":8,"href":"https:\/\/www.sylviemoreillon.com\/index.php?rest_route=\/wp\/v2\/pages\/4127\/revisions"}],"predecessor-version":[{"id":4360,"href":"https:\/\/www.sylviemoreillon.com\/index.php?rest_route=\/wp\/v2\/pages\/4127\/revisions\/4360"}],"wp:attachment":[{"href":"https:\/\/www.sylviemoreillon.com\/index.php?rest_route=%2Fwp%2Fv2%2Fmedia&parent=4127"}],"curies":[{"name":"wp","href":"https:\/\/api.w.org\/{rel}","templated":true}]}}